{"id":2668,"date":"2015-08-17T05:05:46","date_gmt":"2015-08-17T04:05:46","guid":{"rendered":"http:\/\/magfinis.cz\/main\/de\/?page_id=2668"},"modified":"2015-10-17T18:07:57","modified_gmt":"2015-10-17T17:07:57","slug":"unternehmensprofil","status":"publish","type":"page","link":"http:\/\/www.magfinis.cz\/de\/unternehmensprofil\/","title":{"rendered":"UNTERNEHMENSPROFIL"},"content":{"rendered":"<div id='av_section_1' class='avia-section main_color avia-section-small avia-no-shadow avia-bg-style-scroll  avia-builder-el-0  avia-builder-el-no-sibling   container_wrap sidebar_right' style=' '  ><div class='container' ><main  role=\"main\" itemprop=\"mainContentOfPage\"  class='template-page content  av-content-small alpha units'><div class='post-entry post-entry-type-page post-entry-2668'><div class='entry-content-wrapper clearfix'>\n<div class='avia-image-container  av-styling-    avia-builder-el-1  el_before_av_one_full  avia-builder-el-first  avia-align- '  itemprop=\"image\" itemscope=\"itemscope\" itemtype=\"https:\/\/schema.org\/ImageObject\"  ><div class='avia-image-container-inner'><div class='avia-image-overlay-wrap'><img class='avia_image' src='http:\/\/www.magfinis.cz\/wp-content\/uploads\/2015\/08\/metalobe.png' alt='' title='metalobe' height=\"227\" width=\"1200\"  itemprop=\"thumbnailUrl\"  \/><\/div><\/div><\/div>\n<div class=\"flex_column av_one_full  flex_column_div first  avia-builder-el-2  el_after_av_image  el_before_av_heading  \" ><div style='height:120px' class='hr hr-invisible   avia-builder-el-3  avia-builder-el-no-sibling '><span class='hr-inner ' ><span class='hr-inner-style'><\/span><\/span><\/div><\/div><div style='padding-bottom:0px; ' class='av-special-heading av-special-heading-h2 meta-heading blockquote classic-quote  avia-builder-el-4  el_after_av_one_full  el_before_av_one_full  '><h2 class='av-special-heading-tag '  itemprop=\"headline\"  >MAGFINI\u0160 GmbH \u2013 METALLOBERFL\u00c4CHENBEHANDLUNGEN<\/h2><div class ='av-subheading av-subheading_below  ' style='font-size:15px;'><p>Unser Galvanik MAGfini\u0161 GmbH f\u00fchrt Oberfl\u00e4chenbehandlungen von Bijouterie- und Galanterieprodukten, eine breite Palette von technischen Oberfl\u00e4chenbehandlungen f\u00fcr Automobil- , Elektro- und Maschienenbauindustrie durch.<\/p>\n<p>In einem neu gebauten Geb\u00e4ude in der Industriezone in Jablonec n. N. bieten wir Dienstleistungen an, die sich nicht nur dekorative sondern auch technische Metallisierung betreffen.<\/p>\n<p>Wir f\u00fchren stromlos und galvanisch Vernickeln, Verchromen(dekorativ), Vergolden und Versilbern und Verkupfern durch.<\/p>\n<\/div><div class='special-heading-border'><div class='special-heading-inner-border' ><\/div><\/div><\/div>\n<div class=\"flex_column av_one_full  flex_column_div first  avia-builder-el-5  el_after_av_heading  avia-builder-el-last  \" ><div style='height:30px' class='hr hr-invisible   avia-builder-el-6  avia-builder-el-no-sibling '><span class='hr-inner ' ><span class='hr-inner-style'><\/span><\/span><\/div><\/div><\/div><\/div><\/main><!-- close content main element --><\/div><\/div><div id='after_section_1' class='main_color av_default_container_wrap container_wrap sidebar_right' style=' '  ><div class='container' ><div class='template-page content  av-content-small alpha units'><div class='post-entry post-entry-type-page post-entry-2668'><div class='entry-content-wrapper clearfix'>\n","protected":false},"excerpt":{"rendered":"","protected":false},"author":1,"featured_media":0,"parent":0,"menu_order":0,"comment_status":"closed","ping_status":"closed","template":"","meta":{"_bbp_topic_count":0,"_bbp_reply_count":0,"_bbp_total_topic_count":0,"_bbp_total_reply_count":0,"_bbp_voice_count":0,"_bbp_anonymous_reply_count":0,"_bbp_topic_count_hidden":0,"_bbp_reply_count_hidden":0,"_bbp_forum_subforum_count":0},"yoast_head":"<!-- This site is optimized with the Yoast SEO plugin v16.1.1 - https:\/\/yoast.com\/wordpress\/plugins\/seo\/ -->\n<title>UNTERNEHMENSPROFIL - Magfinis<\/title>\n<link rel=\"canonical\" href=\"http:\/\/www.magfinis.cz\/de\/unternehmensprofil\/\" \/>\n<meta property=\"og:locale\" content=\"de_DE\" \/>\n<meta property=\"og:type\" content=\"article\" \/>\n<meta property=\"og:title\" content=\"UNTERNEHMENSPROFIL - Magfinis\" \/>\n<meta property=\"og:url\" content=\"http:\/\/www.magfinis.cz\/de\/unternehmensprofil\/\" \/>\n<meta property=\"og:site_name\" content=\"Magfinis\" \/>\n<meta property=\"article:modified_time\" content=\"2015-10-17T17:07:57+00:00\" \/>\n<meta name=\"twitter:label1\" content=\"Est. reading time\">\n\t<meta name=\"twitter:data1\" content=\"1 minute\">\n<script type=\"application\/ld+json\" class=\"yoast-schema-graph\">{\"@context\":\"https:\/\/schema.org\",\"@graph\":[{\"@type\":\"WebSite\",\"@id\":\"http:\/\/www.magfinis.cz\/#website\",\"url\":\"http:\/\/www.magfinis.cz\/\",\"name\":\"Magfinis\",\"description\":\"Galvanizace kov\\u016f, povrchov\\u00e9 \\u00fapravy\",\"potentialAction\":[{\"@type\":\"SearchAction\",\"target\":\"http:\/\/www.magfinis.cz\/?s={search_term_string}\",\"query-input\":\"required name=search_term_string\"}],\"inLanguage\":\"de-DE\"},{\"@type\":\"WebPage\",\"@id\":\"http:\/\/www.magfinis.cz\/de\/unternehmensprofil\/#webpage\",\"url\":\"http:\/\/www.magfinis.cz\/de\/unternehmensprofil\/\",\"name\":\"UNTERNEHMENSPROFIL - Magfinis\",\"isPartOf\":{\"@id\":\"http:\/\/www.magfinis.cz\/#website\"},\"datePublished\":\"2015-08-17T04:05:46+00:00\",\"dateModified\":\"2015-10-17T17:07:57+00:00\",\"breadcrumb\":{\"@id\":\"http:\/\/www.magfinis.cz\/de\/unternehmensprofil\/#breadcrumb\"},\"inLanguage\":\"de-DE\",\"potentialAction\":[{\"@type\":\"ReadAction\",\"target\":[\"http:\/\/www.magfinis.cz\/de\/unternehmensprofil\/\"]}]},{\"@type\":\"BreadcrumbList\",\"@id\":\"http:\/\/www.magfinis.cz\/de\/unternehmensprofil\/#breadcrumb\",\"itemListElement\":[{\"@type\":\"ListItem\",\"position\":1,\"item\":{\"@type\":\"WebPage\",\"@id\":\"https:\/\/www.magfinis.cz\/\",\"url\":\"https:\/\/www.magfinis.cz\/\",\"name\":\"Dom\\u016f\"}},{\"@type\":\"ListItem\",\"position\":2,\"item\":{\"@type\":\"WebPage\",\"@id\":\"http:\/\/www.magfinis.cz\/de\/unternehmensprofil\/\",\"url\":\"http:\/\/www.magfinis.cz\/de\/unternehmensprofil\/\",\"name\":\"UNTERNEHMENSPROFIL\"}}]}]}<\/script>\n<!-- \/ Yoast SEO plugin. -->","_links":{"self":[{"href":"http:\/\/www.magfinis.cz\/de\/wp-json\/wp\/v2\/pages\/2668"}],"collection":[{"href":"http:\/\/www.magfinis.cz\/de\/wp-json\/wp\/v2\/pages"}],"about":[{"href":"http:\/\/www.magfinis.cz\/de\/wp-json\/wp\/v2\/types\/page"}],"author":[{"embeddable":true,"href":"http:\/\/www.magfinis.cz\/de\/wp-json\/wp\/v2\/users\/1"}],"replies":[{"embeddable":true,"href":"http:\/\/www.magfinis.cz\/de\/wp-json\/wp\/v2\/comments?post=2668"}],"version-history":[{"count":6,"href":"http:\/\/www.magfinis.cz\/de\/wp-json\/wp\/v2\/pages\/2668\/revisions"}],"predecessor-version":[{"id":2771,"href":"http:\/\/www.magfinis.cz\/de\/wp-json\/wp\/v2\/pages\/2668\/revisions\/2771"}],"wp:attachment":[{"href":"http:\/\/www.magfinis.cz\/de\/wp-json\/wp\/v2\/media?parent=2668"}],"curies":[{"name":"wp","href":"https:\/\/api.w.org\/{rel}","templated":true}]}}