{"id":2676,"date":"2015-08-17T05:26:48","date_gmt":"2015-08-17T04:26:48","guid":{"rendered":"http:\/\/magfinis.cz\/main\/de\/?page_id=2676"},"modified":"2015-10-18T09:58:01","modified_gmt":"2015-10-18T08:58:01","slug":"start","status":"publish","type":"page","link":"http:\/\/www.magfinis.cz\/de\/start\/","title":{"rendered":"STARTLISTE"},"content":{"rendered":"<div id='layer_slider_1' class='avia-layerslider main_color avia-shadow  avia-builder-el-0  el_before_av_section  avia-builder-el-first  container_wrap sidebar_right' style='  height: 221px;' ><\/div>\n<div id='av_section_1' class='avia-section main_color avia-section-small avia-shadow avia-bg-style-scroll  avia-builder-el-1  el_after_av_layerslider  el_before_av_section   container_wrap sidebar_right' style='background-color: #f9f9f9;  '  ><div class='container' ><div class='template-page content  av-content-small alpha units'><div class='post-entry post-entry-type-page post-entry-2676'><div class='entry-content-wrapper clearfix'>\n<div class=\"flex_column av_one_third  flex_column_div first  avia-builder-el-2  el_before_av_one_third  avia-builder-el-first  \" ><div class='avia-icon-list-container   avia-builder-el-3  avia-builder-el-no-sibling '><ul class='avia-icon-list avia-icon-list-left av-iconlist-big avia_animate_when_almost_visible avia-iconlist-animate'>\n<li><div  class='iconlist_icon  avia-font-entypo-fontello'><span class='iconlist-char ' aria-hidden='true' data-av_icon='\ue862' data-av_iconfont='entypo-fontello'><\/span><\/div><article class=\"article-icon-entry \"  itemscope=\"itemscope\" itemtype=\"https:\/\/schema.org\/CreativeWork\" ><div class='iconlist_content_wrap'><header class=\"entry-content-header\"><h4 class='av_iconlist_title iconlist_title  '  itemprop=\"headline\"  >Wir halten die Fristen ein, wir sind flexibel<\/h4><\/header><div class='iconlist_content  '  itemprop=\"text\"  ><p>Wir wissen, wie rechtzeitige vollendete Arbeit wichtig ist und deshalb ist strenge Beachtung der Fristen absolute Priorit\u00e4t f\u00fcr uns.<\/p>\n<\/div><\/div><footer class=\"entry-footer\"><\/footer><\/article><div class='iconlist-timeline'><\/div><\/li>\n<li><div  class='iconlist_icon  avia-font-entypo-fontello'><span class='iconlist-char ' aria-hidden='true' data-av_icon='\ue845' data-av_iconfont='entypo-fontello'><\/span><\/div><article class=\"article-icon-entry \"  itemscope=\"itemscope\" itemtype=\"https:\/\/schema.org\/CreativeWork\" ><div class='iconlist_content_wrap'><header class=\"entry-content-header\"><h4 class='av_iconlist_title iconlist_title  '  itemprop=\"headline\"  >Die breite Palette von Oberfl\u00e4chenbehandlungen<\/h4><\/header><div class='iconlist_content  '  itemprop=\"text\"  ><p>Wir realisieren Oberfl\u00e4chenbehandlungen f\u00fcr Automobil- , Elektro- und Maschenbauindustrie.<\/p>\n<\/div><\/div><footer class=\"entry-footer\"><\/footer><\/article><div class='iconlist-timeline'><\/div><\/li>\n<li><div  class='iconlist_icon  avia-font-entypo-fontello'><span class='iconlist-char ' aria-hidden='true' data-av_icon='\ue822' data-av_iconfont='entypo-fontello'><\/span><\/div><article class=\"article-icon-entry \"  itemscope=\"itemscope\" itemtype=\"https:\/\/schema.org\/CreativeWork\" ><div class='iconlist_content_wrap'><header class=\"entry-content-header\"><h4 class='av_iconlist_title iconlist_title  '  itemprop=\"headline\"  >Wir passen Ihnen an<\/h4><\/header><div class='iconlist_content  '  itemprop=\"text\"  ><p>Wir passen Ihren Anforderungen an. Wir halten Ihre erforderlichen Termine ein.<\/p>\n<\/div><\/div><footer class=\"entry-footer\"><\/footer><\/article><div class='iconlist-timeline'><\/div><\/li>\n<\/ul><\/div><\/div><div class=\"flex_column av_one_third  flex_column_div av-zero-column-padding   avia-builder-el-4  el_after_av_one_third  el_before_av_one_third  \" style='border-radius:0px; '><p><div class=\"tabcontainer   top_tab   avia-builder-el-5  el_before_av_content_slider  avia-builder-el-first \">\n\n<section class=\"av_tab_section\"  itemscope=\"itemscope\" itemtype=\"https:\/\/schema.org\/CreativeWork\" >    <div aria-controls=\"tab-id-1\" role=\"tab\" tabindex=\"0\" data-fake-id=\"#tab-id-1\" class=\"tab active_tab\"  itemprop=\"headline\" ><span class='tab_icon' aria-hidden='true' data-av_icon='\ue845' data-av_iconfont='entypo-fontello'><\/span>Dekorative Metallisierung<\/div>\n    <div id=\"tab-id-1-container\" class=\"tab_content active_tab_content\" aria-hidden=\"false\">\n        <div class=\"tab_inner_content invers-color\"  itemprop=\"text\" >\n<ul>\n<li>Vergoldung<\/li>\n<li>Versilberung<\/li>\n<li>Stromvernickelung<\/li>\n<li>Schwarze Oberfl\u00e4chenbehandlungen<\/li>\n<\/ul>\n\n        <\/div>\n    <\/div>\n<\/section>\n\n<section class=\"av_tab_section\"  itemscope=\"itemscope\" itemtype=\"https:\/\/schema.org\/CreativeWork\" >    <div aria-controls=\"tab-id-2\" role=\"tab\" tabindex=\"0\" data-fake-id=\"#tab-id-2\" class=\"tab \"  itemprop=\"headline\" ><span class='tab_icon' aria-hidden='true' data-av_icon='\ue857' data-av_iconfont='entypo-fontello'><\/span>Technische Metallisierung<\/div>\n    <div id=\"tab-id-2-container\" class=\"tab_content \" aria-hidden=\"true\">\n        <div class=\"tab_inner_content invers-color\"  itemprop=\"text\" >\n<ul>\n<li>Stromvernickelung<\/li>\n<li>Chemievernickelung<\/li>\n<li>Versilberung<\/li>\n<li>Chromierung<\/li>\n<\/ul>\n\n        <\/div>\n    <\/div>\n<\/section>\n\n<\/div>\n<br \/>\n<div  data-autoplay='true'  data-interval='5'  data-animation='fade'  data-show_slide_delay='30'  class='avia-content-slider-element-container avia-content-slider-element-slider avia-content-slider avia-smallarrow-slider avia-content-slider-active avia-content-slider1 avia-content-slider-even  avia-builder-el-6  el_after_av_tab_container  avia-builder-el-last  ' ><div class='avia-smallarrow-slider-heading  no-content-slider-navigation  no-content-slider-heading '><div class='new-special-heading'>&nbsp;<\/div><\/div><div class='avia-content-slider-inner'><div class='slide-entry-wrap'><section class='slide-entry flex_column post-entry slide-entry-overview slide-loop-1 slide-parity-odd  av_one_half first'  itemscope=\"itemscope\" itemtype=\"https:\/\/schema.org\/CreativeWork\" ><h3 class='slide-entry-title entry-title '  itemprop=\"headline\" >Verzinken Schmuck<\/h3><div class='slide-entry-excerpt entry-content'  itemprop=\"text\" ><p><a href=\"http:\/\/magfinis.cz\/main\/wp-content\/uploads\/2014\/04\/6.jpg\"><img loading=\"lazy\" class=\"alignnone  wp-image-2464\" src=\"http:\/\/magfinis.cz\/main\/wp-content\/uploads\/2014\/04\/6.jpg\" alt=\"6\" width=\"150\" height=\"100\" \/><\/a><\/p>\n<\/div><\/section><section class='slide-entry flex_column post-entry slide-entry-overview slide-loop-2 slide-parity-even  av_one_half '  itemscope=\"itemscope\" itemtype=\"https:\/\/schema.org\/CreativeWork\" ><h3 class='slide-entry-title entry-title '  itemprop=\"headline\" >Schwarzen Finish<\/h3><div class='slide-entry-excerpt entry-content'  itemprop=\"text\" ><p><a href=\"http:\/\/magfinis.cz\/main\/wp-content\/uploads\/2014\/04\/10.jpg\"><img loading=\"lazy\" class=\"alignnone  wp-image-2468\" src=\"http:\/\/magfinis.cz\/main\/wp-content\/uploads\/2014\/04\/10.jpg\" alt=\"10\" width=\"150\" height=\"100\" \/><\/a><\/p>\n<\/div><\/section><\/div><div class='slide-entry-wrap'><section class='slide-entry flex_column post-entry slide-entry-overview slide-loop-3 slide-parity-odd  av_one_half first'  itemscope=\"itemscope\" itemtype=\"https:\/\/schema.org\/CreativeWork\" ><h3 class='slide-entry-title entry-title '  itemprop=\"headline\" >Vergoldung<\/h3><div class='slide-entry-excerpt entry-content'  itemprop=\"text\" ><p><a href=\"http:\/\/magfinis.cz\/main\/wp-content\/uploads\/2014\/04\/2.jpg\"><img loading=\"lazy\" class=\"alignnone  wp-image-2459\" src=\"http:\/\/magfinis.cz\/main\/wp-content\/uploads\/2014\/04\/2.jpg\" alt=\"2\" width=\"150\" height=\"100\" \/><\/a><\/p>\n<\/div><\/section><section class='slide-entry flex_column post-entry slide-entry-overview slide-loop-4 slide-parity-even  av_one_half '  itemscope=\"itemscope\" itemtype=\"https:\/\/schema.org\/CreativeWork\" ><h3 class='slide-entry-title entry-title '  itemprop=\"headline\" >Versilberung<\/h3><div class='slide-entry-excerpt entry-content'  itemprop=\"text\" ><p><a href=\"http:\/\/magfinis.cz\/main\/wp-content\/uploads\/2014\/04\/1.jpg\"><img loading=\"lazy\" class=\"alignnone  wp-image-2457\" src=\"http:\/\/magfinis.cz\/main\/wp-content\/uploads\/2014\/04\/1.jpg\" alt=\"1\" width=\"150\" height=\"100\" \/><\/a><\/p>\n<\/div><\/section><\/div><div class='slide-entry-wrap'><section class='slide-entry flex_column post-entry slide-entry-overview slide-loop-5 slide-parity-odd  post-entry-last  av_one_half first'  itemscope=\"itemscope\" itemtype=\"https:\/\/schema.org\/CreativeWork\" ><\/section><\/div><\/div><\/div><\/p><\/div><div class=\"flex_column av_one_third  flex_column_div av-zero-column-padding   avia-builder-el-7  el_after_av_one_third  avia-builder-el-last  \" style='border-radius:0px; '><div class='avia-icon-list-container   avia-builder-el-8  avia-builder-el-no-sibling '><ul class='avia-icon-list avia-icon-list-left av-iconlist-big avia_animate_when_almost_visible avia-iconlist-animate'>\n<li><div  class='iconlist_icon  avia-font-entypo-fontello'><span class='iconlist-char ' aria-hidden='true' data-av_icon='\ue842' data-av_iconfont='entypo-fontello'><\/span><\/div><article class=\"article-icon-entry \"  itemscope=\"itemscope\" itemtype=\"https:\/\/schema.org\/CreativeWork\" ><div class='iconlist_content_wrap'><header class=\"entry-content-header\"><h4 class='av_iconlist_title iconlist_title  '  itemprop=\"headline\"  >Wir spezialisieren uns auf Bijouterie<\/h4><\/header><div class='iconlist_content  '  itemprop=\"text\"  ><p>Wir sind Vordergalvanik im Bereich von Bijouterie und Bijouteriezubeh\u00f6r.<\/p>\n<\/div><\/div><footer class=\"entry-footer\"><\/footer><\/article><div class='iconlist-timeline'><\/div><\/li>\n<li><div  class='iconlist_icon  avia-font-entypo-fontello'><span class='iconlist-char ' aria-hidden='true' data-av_icon='\ue827' data-av_iconfont='entypo-fontello'><\/span><\/div><article class=\"article-icon-entry \"  itemscope=\"itemscope\" itemtype=\"https:\/\/schema.org\/CreativeWork\" ><div class='iconlist_content_wrap'><header class=\"entry-content-header\"><h4 class='av_iconlist_title iconlist_title  '  itemprop=\"headline\"  >Wir l\u00f6sen Reklamationen \u2013 flexibel!<\/h4><\/header><div class='iconlist_content  '  itemprop=\"text\"  ><p>Wir garantieren die Qualit\u00e4t, wir l\u00f6sen eventuelle Reklamationen umgehend.<\/p>\n<\/div><\/div><footer class=\"entry-footer\"><\/footer><\/article><div class='iconlist-timeline'><\/div><\/li>\n<li><div  class='iconlist_icon  avia-font-entypo-fontello'><span class='iconlist-char ' aria-hidden='true' data-av_icon='\ue80a' data-av_iconfont='entypo-fontello'><\/span><\/div><article class=\"article-icon-entry \"  itemscope=\"itemscope\" itemtype=\"https:\/\/schema.org\/CreativeWork\" ><div class='iconlist_content_wrap'><header class=\"entry-content-header\"><h4 class='av_iconlist_title iconlist_title  '  itemprop=\"headline\"  >Wir sind hier schon seit dem Jahre 2005<\/h4><\/header><div class='iconlist_content  '  itemprop=\"text\"  ><p>Wir sind stolz auf reiche Historie und sehr gute Referenzen, die wir seit unserer Entstehung im Jahre 2005 gewonnen haben.<\/p>\n<\/div><\/div><footer class=\"entry-footer\"><\/footer><\/article><div class='iconlist-timeline'><\/div><\/li>\n<\/ul><\/div><\/div>\n\n<\/div><\/div><\/div><!-- close content main div --><\/div><\/div><div id='av_section_2' class='avia-section main_color avia-section-default avia-shadow avia-bg-style-scroll  avia-builder-el-9  el_after_av_section  avia-builder-el-last   container_wrap sidebar_right' style='background-color: #f9f9f9;  '  ><div class='container' ><div class='template-page content  av-content-small alpha units'><div class='post-entry post-entry-type-page post-entry-2676'><div class='entry-content-wrapper clearfix'>\n<div style='padding-bottom:0px; ' class='av-special-heading av-special-heading-h1 meta-heading blockquote classic-quote  avia-builder-el-10  el_before_av_hr  avia-builder-el-first   '><h1 class='av-special-heading-tag '  itemprop=\"headline\"  >Galvanisierung von Metallen auf Bestellung<\/h1><div class='special-heading-border'><div class='special-heading-inner-border' ><\/div><\/div><\/div>\n<div style='height:80px' class='hr hr-invisible   avia-builder-el-11  el_after_av_heading  el_before_av_one_third '><span class='hr-inner ' ><span class='hr-inner-style'><\/span><\/span><\/div>\n<div class=\"flex_column av_one_third  flex_column_div first  avia-builder-el-12  el_after_av_hr  el_before_av_one_third  \" ><p><div class='avia-image-container  av-styling-    avia-builder-el-13  el_before_av_textblock  avia-builder-el-first  avia-align-center '  itemprop=\"image\" itemscope=\"itemscope\" itemtype=\"https:\/\/schema.org\/ImageObject\"  ><div class='avia-image-container-inner'><div class='avia-image-overlay-wrap'><img class='avia_image' src='http:\/\/www.magfinis.cz\/wp-content\/uploads\/2015\/08\/mte.png' alt='' title='mte' height=\"252\" width=\"237\"  itemprop=\"thumbnailUrl\"  \/><\/div><\/div><\/div><br \/>\n<section class=\"av_textblock_section \"  itemscope=\"itemscope\" itemtype=\"https:\/\/schema.org\/CreativeWork\" ><div class='avia_textblock  '   itemprop=\"text\" ><p>Wir verwenden die modernste Technik, die ausgebildes Personal, Professionelllen im Bereich bedienen.<\/p>\n<\/div><\/section><\/p><\/div><div class=\"flex_column av_one_third  flex_column_div av-zero-column-padding   avia-builder-el-15  el_after_av_one_third  el_before_av_one_third  \" style='border-radius:0px; '><p><div class='avia-image-container  av-styling-    avia-builder-el-16  el_before_av_textblock  avia-builder-el-first  avia-align-center '  itemprop=\"image\" itemscope=\"itemscope\" itemtype=\"https:\/\/schema.org\/ImageObject\"  ><div class='avia-image-container-inner'><div class='avia-image-overlay-wrap'><img class='avia_image' src='http:\/\/www.magfinis.cz\/wp-content\/uploads\/2015\/08\/VERGOLDUNG.png' alt='' title='VERGOLDUNG' height=\"266\" width=\"229\"  itemprop=\"thumbnailUrl\"  \/><\/div><\/div><\/div><br \/>\n<section class=\"av_textblock_section \"  itemscope=\"itemscope\" itemtype=\"https:\/\/schema.org\/CreativeWork\" ><div class='avia_textblock  '   itemprop=\"text\" ><p>Vergoldung, Versilbern, Vernickelung, Verkupfern, Verchromen von jeden Metallen \u2013 Lusterteile, Klinken, Leisten, verschiedene G\u00fcsse, T\u00fcrdr\u00fccker, Kontakte usw&#8230;<\/p>\n<\/div><\/section><\/p><\/div><div class=\"flex_column av_one_third  flex_column_div av-zero-column-padding   avia-builder-el-18  el_after_av_one_third  avia-builder-el-last  \" style='border-radius:0px; '><p><div class='avia-image-container  av-styling-    avia-builder-el-19  el_before_av_textblock  avia-builder-el-first  avia-align-center '  itemprop=\"image\" itemscope=\"itemscope\" itemtype=\"https:\/\/schema.org\/ImageObject\"  ><div class='avia-image-container-inner'><div class='avia-image-overlay-wrap'><img class='avia_image' src='http:\/\/www.magfinis.cz\/wp-content\/uploads\/2015\/08\/bg.png' alt='' title='bg' height=\"272\" width=\"215\"  itemprop=\"thumbnailUrl\"  \/><\/div><\/div><\/div><br \/>\n<section class=\"av_textblock_section \"  itemscope=\"itemscope\" itemtype=\"https:\/\/schema.org\/CreativeWork\" ><div class='avia_textblock  '   itemprop=\"text\" ><p>Die Oberfl\u00e4chenbehandlungen von Schmuck geh\u00f6ren zu unseren ha\u00fcfigen Bestellungen, wir vergolden, versilbern auch Ihr Schmuck!<\/p>\n<\/div><\/section><\/p><\/div><\/div><\/div><\/div><!-- close content main div --><\/div><\/div><div id='after_section_2' class='main_color av_default_container_wrap container_wrap sidebar_right' style=' '  ><div class='container' ><div class='template-page content  av-content-small alpha units'><div class='post-entry post-entry-type-page post-entry-2676'><div class='entry-content-wrapper clearfix'>\n","protected":false},"excerpt":{"rendered":"","protected":false},"author":1,"featured_media":0,"parent":0,"menu_order":0,"comment_status":"closed","ping_status":"closed","template":"","meta":{"_bbp_topic_count":0,"_bbp_reply_count":0,"_bbp_total_topic_count":0,"_bbp_total_reply_count":0,"_bbp_voice_count":0,"_bbp_anonymous_reply_count":0,"_bbp_topic_count_hidden":0,"_bbp_reply_count_hidden":0,"_bbp_forum_subforum_count":0},"yoast_head":"<!-- This site is optimized with the Yoast SEO plugin v16.1.1 - https:\/\/yoast.com\/wordpress\/plugins\/seo\/ -->\n<title>STARTLISTE - Magfinis<\/title>\n<link rel=\"canonical\" href=\"https:\/\/www.magfinis.cz\/de\/start\/\" \/>\n<meta property=\"og:locale\" content=\"de_DE\" \/>\n<meta property=\"og:type\" content=\"article\" \/>\n<meta property=\"og:title\" content=\"STARTLISTE - Magfinis\" \/>\n<meta property=\"og:url\" content=\"https:\/\/www.magfinis.cz\/de\/start\/\" \/>\n<meta property=\"og:site_name\" content=\"Magfinis\" \/>\n<meta property=\"article:modified_time\" content=\"2015-10-18T08:58:01+00:00\" \/>\n<meta property=\"og:image\" content=\"http:\/\/magfinis.cz\/main\/wp-content\/uploads\/2014\/04\/6.jpg\" \/>\n<meta name=\"twitter:label1\" content=\"Est. reading time\">\n\t<meta name=\"twitter:data1\" content=\"5 minutes\">\n<script type=\"application\/ld+json\" class=\"yoast-schema-graph\">{\"@context\":\"https:\/\/schema.org\",\"@graph\":[{\"@type\":\"WebSite\",\"@id\":\"http:\/\/www.magfinis.cz\/#website\",\"url\":\"http:\/\/www.magfinis.cz\/\",\"name\":\"Magfinis\",\"description\":\"Galvanizace kov\\u016f, povrchov\\u00e9 \\u00fapravy\",\"potentialAction\":[{\"@type\":\"SearchAction\",\"target\":\"http:\/\/www.magfinis.cz\/?s={search_term_string}\",\"query-input\":\"required name=search_term_string\"}],\"inLanguage\":\"de-DE\"},{\"@type\":\"ImageObject\",\"@id\":\"https:\/\/www.magfinis.cz\/de\/start\/#primaryimage\",\"inLanguage\":\"de-DE\",\"url\":\"http:\/\/magfinis.cz\/main\/wp-content\/uploads\/2014\/04\/6.jpg\",\"contentUrl\":\"http:\/\/magfinis.cz\/main\/wp-content\/uploads\/2014\/04\/6.jpg\"},{\"@type\":\"WebPage\",\"@id\":\"https:\/\/www.magfinis.cz\/de\/start\/#webpage\",\"url\":\"https:\/\/www.magfinis.cz\/de\/start\/\",\"name\":\"STARTLISTE - Magfinis\",\"isPartOf\":{\"@id\":\"http:\/\/www.magfinis.cz\/#website\"},\"primaryImageOfPage\":{\"@id\":\"https:\/\/www.magfinis.cz\/de\/start\/#primaryimage\"},\"datePublished\":\"2015-08-17T04:26:48+00:00\",\"dateModified\":\"2015-10-18T08:58:01+00:00\",\"breadcrumb\":{\"@id\":\"https:\/\/www.magfinis.cz\/de\/start\/#breadcrumb\"},\"inLanguage\":\"de-DE\",\"potentialAction\":[{\"@type\":\"ReadAction\",\"target\":[\"https:\/\/www.magfinis.cz\/de\/start\/\"]}]},{\"@type\":\"BreadcrumbList\",\"@id\":\"https:\/\/www.magfinis.cz\/de\/start\/#breadcrumb\",\"itemListElement\":[{\"@type\":\"ListItem\",\"position\":1,\"item\":{\"@type\":\"WebPage\",\"@id\":\"https:\/\/www.magfinis.cz\/\",\"url\":\"https:\/\/www.magfinis.cz\/\",\"name\":\"Dom\\u016f\"}},{\"@type\":\"ListItem\",\"position\":2,\"item\":{\"@type\":\"WebPage\",\"@id\":\"https:\/\/www.magfinis.cz\/de\/start\/\",\"url\":\"https:\/\/www.magfinis.cz\/de\/start\/\",\"name\":\"STARTLISTE\"}}]}]}<\/script>\n<!-- \/ Yoast SEO plugin. -->","_links":{"self":[{"href":"http:\/\/www.magfinis.cz\/de\/wp-json\/wp\/v2\/pages\/2676"}],"collection":[{"href":"http:\/\/www.magfinis.cz\/de\/wp-json\/wp\/v2\/pages"}],"about":[{"href":"http:\/\/www.magfinis.cz\/de\/wp-json\/wp\/v2\/types\/page"}],"author":[{"embeddable":true,"href":"http:\/\/www.magfinis.cz\/de\/wp-json\/wp\/v2\/users\/1"}],"replies":[{"embeddable":true,"href":"http:\/\/www.magfinis.cz\/de\/wp-json\/wp\/v2\/comments?post=2676"}],"version-history":[{"count":14,"href":"http:\/\/www.magfinis.cz\/de\/wp-json\/wp\/v2\/pages\/2676\/revisions"}],"predecessor-version":[{"id":2777,"href":"http:\/\/www.magfinis.cz\/de\/wp-json\/wp\/v2\/pages\/2676\/revisions\/2777"}],"wp:attachment":[{"href":"http:\/\/www.magfinis.cz\/de\/wp-json\/wp\/v2\/media?parent=2676"}],"curies":[{"name":"wp","href":"https:\/\/api.w.org\/{rel}","templated":true}]}}