{"id":2683,"date":"2015-08-17T20:05:36","date_gmt":"2015-08-17T19:05:36","guid":{"rendered":"http:\/\/www.magfinis.cz\/de\/?page_id=2683"},"modified":"2018-05-10T07:35:43","modified_gmt":"2018-05-10T06:35:43","slug":"galvanik-foto","status":"publish","type":"page","link":"http:\/\/www.magfinis.cz\/de\/galvanik-foto\/","title":{"rendered":"SORTENDER GALVANISIERUNG + FOTOS"},"content":{"rendered":"<div id='av_section_1' class='avia-section main_color avia-section-default avia-shadow avia-bg-style-scroll  avia-builder-el-0  el_before_av_section  avia-builder-el-first   container_wrap sidebar_right' style=' '  ><div class='container' ><main  role=\"main\" itemprop=\"mainContentOfPage\"  class='template-page content  av-content-small alpha units'><div class='post-entry post-entry-type-page post-entry-2683'><div class='entry-content-wrapper clearfix'>\n<div class='avia-image-container  av-styling-    avia-builder-el-1  el_before_av_hr  avia-builder-el-first  avia-align-center '  itemprop=\"image\" itemscope=\"itemscope\" itemtype=\"https:\/\/schema.org\/ImageObject\"  ><div class='avia-image-container-inner'><div class='avia-image-overlay-wrap'><img class='avia_image' src='http:\/\/www.magfinis.cz\/wp-content\/uploads\/2015\/08\/angebot.png' alt='' title='angebot' height=\"227\" width=\"1200\"  itemprop=\"thumbnailUrl\"  \/><\/div><\/div><\/div>\n<div  class='hr hr-short hr-center   avia-builder-el-2  el_after_av_image  el_before_av_one_third '><span class='hr-inner ' ><span class='hr-inner-style'><\/span><\/span><\/div>\n<div class=\"flex_column av_one_third  flex_column_div first  avia-builder-el-3  el_after_av_hr  el_before_av_one_third  \" ><p><div style='padding-bottom:10px; ' class='av-special-heading av-special-heading-h1 meta-heading blockquote classic-quote  avia-builder-el-4  el_before_av_textblock  avia-builder-el-first   '><h1 class='av-special-heading-tag '  itemprop=\"headline\"  >Schwarze Oberfl\u00e4che<\/h1><div class='special-heading-border'><div class='special-heading-inner-border' ><\/div><\/div><\/div><br \/>\n<section class=\"av_textblock_section \"  itemscope=\"itemscope\" itemtype=\"https:\/\/schema.org\/CreativeWork\" ><div class='avia_textblock  '   itemprop=\"text\" ><p>Seit dem Jahre 2005 besch\u00e4ftigt Magfini\u0161 GmbH sich auch mit der schwarzen Oberfl\u00e4chenbearbeitung f\u00fcr Bijouterieware. Die Oberfl\u00e4che muss mit kataphoretische Lackierung gesch\u00fctzt sein.<\/p>\n<\/div><\/section><\/p><\/div><div class=\"flex_column av_one_third  flex_column_div av-zero-column-padding   avia-builder-el-6  el_after_av_one_third  el_before_av_one_third  \" style='border-radius:0px; '><p><div style='padding-bottom:10px; ' class='av-special-heading av-special-heading-h1 meta-heading blockquote classic-quote  avia-builder-el-7  el_before_av_textblock  avia-builder-el-first   '><h1 class='av-special-heading-tag '  itemprop=\"headline\"  >Vergoldung<\/h1><div class='special-heading-border'><div class='special-heading-inner-border' ><\/div><\/div><\/div><br \/>\n<section class=\"av_textblock_section \"  itemscope=\"itemscope\" itemtype=\"https:\/\/schema.org\/CreativeWork\" ><div class='avia_textblock  '   itemprop=\"text\" ><p>Magfini\u0161 s.r.o. bietet Beschichtung mit Gold an. Wir k\u00f6nnen Lusterteile, Schmuck aber auch elektronische Konektoren oder Kontakte vergolden mit Schichtdicke 0,1 &#8211; 10\u00b5 in verschiedene Farben.<\/p>\n<\/div><\/section><\/p><\/div><div class=\"flex_column av_one_third  flex_column_div av-zero-column-padding   avia-builder-el-9  el_after_av_one_third  el_before_av_hr  \" style='border-radius:0px; '><p><div style='padding-bottom:10px; ' class='av-special-heading av-special-heading-h1 meta-heading blockquote classic-quote  avia-builder-el-10  el_before_av_textblock  avia-builder-el-first   '><h1 class='av-special-heading-tag '  itemprop=\"headline\"  >Versilberung<\/h1><div class='special-heading-border'><div class='special-heading-inner-border' ><\/div><\/div><\/div><br \/>\n<section class=\"av_textblock_section \"  itemscope=\"itemscope\" itemtype=\"https:\/\/schema.org\/CreativeWork\" ><div class='avia_textblock  '   itemprop=\"text\" ><p>Magfini\u0161 GmbH bietet die Galvanisierung mit dem Silber. Wir benutzen oder Reinsilberbad, das produziert attraktive schneeweisse Schichten oder Hartsilberbad f\u00fcr technische Oberfl\u00e4chen. Silberoberfl\u00e4che muss meistens mit Lack oder mit spezieles Passivation behandelt sein f\u00fcr gute Farbstabilit\u00e4t.<\/p>\n<\/div><\/section><\/p><\/div><div  class='hr hr-short hr-center   avia-builder-el-12  el_after_av_one_third  el_before_av_gallery '><span class='hr-inner ' ><span class='hr-inner-style'><\/span><\/span><\/div>\n<div class='avia-gallery  avia-gallery-1 avia_lazyload avia-gallery-animate avia_animate_when_visible  avia-builder-el-13  el_after_av_hr  avia-builder-el-last '  itemprop=\"image\" itemscope=\"itemscope\" itemtype=\"https:\/\/schema.org\/ImageObject\" ><div class='avia-gallery-thumb'> <a href='http:\/\/www.magfinis.cz\/wp-content\/uploads\/2014\/04\/1-1030x772.jpg' data-rel='gallery-1' data-prev-img='http:\/\/www.magfinis.cz\/wp-content\/uploads\/2014\/04\/1-495x400.jpg' class='first_thumb lightbox ' data-onclick='1' title=''  itemprop=\"thumbnailUrl\" ><img  src='http:\/\/www.magfinis.cz\/wp-content\/uploads\/2014\/04\/1-495x400.jpg' width='495' height='400'  title='1' alt='' \/><\/a> <a href='http:\/\/www.magfinis.cz\/wp-content\/uploads\/2014\/04\/3-1030x772.jpg' data-rel='gallery-1' data-prev-img='http:\/\/www.magfinis.cz\/wp-content\/uploads\/2014\/04\/3-495x400.jpg' class='lightbox ' data-onclick='2' title=''  itemprop=\"thumbnailUrl\" ><img  src='http:\/\/www.magfinis.cz\/wp-content\/uploads\/2014\/04\/3-495x400.jpg' width='495' height='400'  title='3' alt='' \/><\/a> <a href='http:\/\/www.magfinis.cz\/wp-content\/uploads\/2014\/04\/2-1030x772.jpg' data-rel='gallery-1' data-prev-img='http:\/\/www.magfinis.cz\/wp-content\/uploads\/2014\/04\/2-495x400.jpg' class='lightbox ' data-onclick='3' title=''  itemprop=\"thumbnailUrl\" ><img  src='http:\/\/www.magfinis.cz\/wp-content\/uploads\/2014\/04\/2-495x400.jpg' width='495' height='400'  title='2' alt='' \/><\/a> <a href='http:\/\/www.magfinis.cz\/wp-content\/uploads\/2014\/04\/4-1030x772.jpg' data-rel='gallery-1' data-prev-img='http:\/\/www.magfinis.cz\/wp-content\/uploads\/2014\/04\/4-495x400.jpg' class='lightbox ' data-onclick='4' title=''  itemprop=\"thumbnailUrl\" ><img  src='http:\/\/www.magfinis.cz\/wp-content\/uploads\/2014\/04\/4-495x400.jpg' width='495' height='400'  title='4' alt='' \/><\/a> <a href='http:\/\/www.magfinis.cz\/wp-content\/uploads\/2014\/04\/5-1030x772.jpg' data-rel='gallery-1' data-prev-img='http:\/\/www.magfinis.cz\/wp-content\/uploads\/2014\/04\/5-495x400.jpg' class='lightbox ' data-onclick='5' title=''  itemprop=\"thumbnailUrl\" ><img  src='http:\/\/www.magfinis.cz\/wp-content\/uploads\/2014\/04\/5-495x400.jpg' width='495' height='400'  title='5' alt='' \/><\/a> <a href='http:\/\/www.magfinis.cz\/wp-content\/uploads\/2014\/04\/6-1030x772.jpg' data-rel='gallery-1' data-prev-img='http:\/\/www.magfinis.cz\/wp-content\/uploads\/2014\/04\/6-495x400.jpg' class='lightbox ' data-onclick='6' title=''  itemprop=\"thumbnailUrl\" ><img  src='http:\/\/www.magfinis.cz\/wp-content\/uploads\/2014\/04\/6-495x400.jpg' width='495' height='400'  title='6' alt='' \/><\/a> <a href='http:\/\/www.magfinis.cz\/wp-content\/uploads\/2014\/04\/7-1030x772.jpg' data-rel='gallery-1' data-prev-img='http:\/\/www.magfinis.cz\/wp-content\/uploads\/2014\/04\/7-495x400.jpg' class='lightbox ' data-onclick='7' title=''  itemprop=\"thumbnailUrl\" ><img  src='http:\/\/www.magfinis.cz\/wp-content\/uploads\/2014\/04\/7-495x400.jpg' width='495' height='400'  title='7' alt='' \/><\/a> <a href='http:\/\/www.magfinis.cz\/wp-content\/uploads\/2014\/04\/8-1030x772.jpg' data-rel='gallery-1' data-prev-img='http:\/\/www.magfinis.cz\/wp-content\/uploads\/2014\/04\/8-495x400.jpg' class='lightbox ' data-onclick='8' title=''  itemprop=\"thumbnailUrl\" ><img  src='http:\/\/www.magfinis.cz\/wp-content\/uploads\/2014\/04\/8-495x400.jpg' width='495' height='400'  title='8' alt='' \/><\/a> <a href='http:\/\/www.magfinis.cz\/wp-content\/uploads\/2014\/04\/9-1030x772.jpg' data-rel='gallery-1' data-prev-img='http:\/\/www.magfinis.cz\/wp-content\/uploads\/2014\/04\/9-495x400.jpg' class='lightbox ' data-onclick='9' title=''  itemprop=\"thumbnailUrl\" ><img  src='http:\/\/www.magfinis.cz\/wp-content\/uploads\/2014\/04\/9-495x400.jpg' width='495' height='400'  title='9' alt='' \/><\/a> <a href='http:\/\/www.magfinis.cz\/wp-content\/uploads\/2014\/04\/10-1030x772.jpg' data-rel='gallery-1' data-prev-img='http:\/\/www.magfinis.cz\/wp-content\/uploads\/2014\/04\/10-495x400.jpg' class='lightbox ' data-onclick='10' title=''  itemprop=\"thumbnailUrl\" ><img  src='http:\/\/www.magfinis.cz\/wp-content\/uploads\/2014\/04\/10-495x400.jpg' width='495' height='400'  title='10' alt='' \/><\/a><\/div><\/div>\n\n<\/div><\/div><\/main><!-- close content main element --><\/div><\/div><div id='av_section_2' class='avia-section main_color avia-section-default avia-no-shadow avia-bg-style-scroll  avia-builder-el-14  el_after_av_section  avia-builder-el-last   container_wrap sidebar_right' style=' '  ><div class='container' ><div class='template-page content  av-content-small alpha units'><div class='post-entry post-entry-type-page post-entry-2683'><div class='entry-content-wrapper clearfix'>\n<div class=\"flex_column av_one_half  flex_column_div first  avia-builder-el-15  el_before_av_one_half  avia-builder-el-first  \" ><p><div style='padding-bottom:10px; ' class='av-special-heading av-special-heading-h1 meta-heading blockquote classic-quote  avia-builder-el-16  el_before_av_textblock  avia-builder-el-first   '><h1 class='av-special-heading-tag '  itemprop=\"headline\"  >Vernickeln<\/h1><div class='special-heading-border'><div class='special-heading-inner-border' ><\/div><\/div><\/div><br \/>\n<section class=\"av_textblock_section \"  itemscope=\"itemscope\" itemtype=\"https:\/\/schema.org\/CreativeWork\" ><div class='avia_textblock  '   itemprop=\"text\" ><p id=\"tw-target-text\" class=\"tw-data-text vk_txt tw-ta tw-text-small\" dir=\"ltr\" data-placeholder=\"P\u0159eklad\"><span lang=\"de\">Wir k\u00f6nnen Teile mit Nickel galvanisch oder stromlos beschichten. Galvanische Schichten dienen als Zwischenschicht f\u00fcr Chrom oder Goldbeschichtung, aber auch als Endoberfl\u00e4che.<\/span><\/p>\n<p class=\"tw-data-text vk_txt tw-ta tw-text-small\" dir=\"ltr\" data-placeholder=\"P\u0159eklad\">Stromlose Ni\/P Niederschl\u00e4ge enthalten 5 &#8211; 10% P und haben excellente Schichtdickeverteilung, gute Korossion- und Abriebebest\u00e4ndigkeit und sind haupts\u00e4chlich f\u00fcr technische Applikation geeignet, dekorative sind nicht ausgeschlossen.\u00a0zB: Nickel zu Aluminium.<\/p>\n<\/div><\/section><\/p><\/div><div class=\"flex_column av_one_half  flex_column_div av-zero-column-padding   avia-builder-el-18  el_after_av_one_half  avia-builder-el-last  \" style='border-radius:0px; '><p><div style='padding-bottom:10px; ' class='av-special-heading av-special-heading-h1 meta-heading blockquote classic-quote  avia-builder-el-19  el_before_av_textblock  avia-builder-el-first   '><h1 class='av-special-heading-tag '  itemprop=\"headline\"  >Verkupfern<\/h1><div class='special-heading-border'><div class='special-heading-inner-border' ><\/div><\/div><\/div><br \/>\n<section class=\"av_textblock_section \"  itemscope=\"itemscope\" itemtype=\"https:\/\/schema.org\/CreativeWork\" ><div class='avia_textblock  '   itemprop=\"text\" ><p>Galvanische Kupfer dient vorzugsweise als Grund- und Zwischenschicht f\u00fcr verschiedene Endoberfl\u00e4chen. Kupferschichten sind mit exzellente Adhesion, Duktilit\u00e4t als auch Glanz und Einebnung gekennzeichnet.<\/p>\n<p>Wir benutzen schwachalkalisches Pyrophosphatbad f\u00fcr Vorverkupferung und saures Kupferbad f\u00fcr Hauptverkupferung als Vorbereitungsprozesse f\u00fcr Nickel-, Chrom-, Silber- oder Goldendschichten.<\/p>\n<\/div><\/section><\/p><\/div><\/div><\/div><\/div><!-- close content main div --><\/div><\/div><div id='after_section_2' class='main_color av_default_container_wrap container_wrap sidebar_right' style=' '  ><div class='container' ><div class='template-page content  av-content-small alpha units'><div class='post-entry post-entry-type-page post-entry-2683'><div class='entry-content-wrapper clearfix'>\n","protected":false},"excerpt":{"rendered":"","protected":false},"author":1,"featured_media":0,"parent":0,"menu_order":0,"comment_status":"closed","ping_status":"closed","template":"","meta":{"_bbp_topic_count":0,"_bbp_reply_count":0,"_bbp_total_topic_count":0,"_bbp_total_reply_count":0,"_bbp_voice_count":0,"_bbp_anonymous_reply_count":0,"_bbp_topic_count_hidden":0,"_bbp_reply_count_hidden":0,"_bbp_forum_subforum_count":0},"yoast_head":"<!-- This site is optimized with the Yoast SEO plugin v16.1.1 - https:\/\/yoast.com\/wordpress\/plugins\/seo\/ -->\n<title>SORTENDER GALVANISIERUNG + FOTOS - Magfinis<\/title>\n<link rel=\"canonical\" href=\"http:\/\/www.magfinis.cz\/de\/galvanik-foto\/\" \/>\n<meta property=\"og:locale\" content=\"de_DE\" \/>\n<meta property=\"og:type\" content=\"article\" \/>\n<meta property=\"og:title\" content=\"SORTENDER GALVANISIERUNG + FOTOS - Magfinis\" \/>\n<meta property=\"og:url\" content=\"http:\/\/www.magfinis.cz\/de\/galvanik-foto\/\" \/>\n<meta property=\"og:site_name\" content=\"Magfinis\" \/>\n<meta property=\"article:modified_time\" content=\"2018-05-10T06:35:43+00:00\" \/>\n<meta name=\"twitter:label1\" content=\"Est. reading time\">\n\t<meta name=\"twitter:data1\" content=\"4 minutes\">\n<script type=\"application\/ld+json\" class=\"yoast-schema-graph\">{\"@context\":\"https:\/\/schema.org\",\"@graph\":[{\"@type\":\"WebSite\",\"@id\":\"http:\/\/www.magfinis.cz\/#website\",\"url\":\"http:\/\/www.magfinis.cz\/\",\"name\":\"Magfinis\",\"description\":\"Galvanizace kov\\u016f, povrchov\\u00e9 \\u00fapravy\",\"potentialAction\":[{\"@type\":\"SearchAction\",\"target\":\"http:\/\/www.magfinis.cz\/?s={search_term_string}\",\"query-input\":\"required name=search_term_string\"}],\"inLanguage\":\"de-DE\"},{\"@type\":\"WebPage\",\"@id\":\"http:\/\/www.magfinis.cz\/de\/galvanik-foto\/#webpage\",\"url\":\"http:\/\/www.magfinis.cz\/de\/galvanik-foto\/\",\"name\":\"SORTENDER GALVANISIERUNG + FOTOS - Magfinis\",\"isPartOf\":{\"@id\":\"http:\/\/www.magfinis.cz\/#website\"},\"datePublished\":\"2015-08-17T19:05:36+00:00\",\"dateModified\":\"2018-05-10T06:35:43+00:00\",\"breadcrumb\":{\"@id\":\"http:\/\/www.magfinis.cz\/de\/galvanik-foto\/#breadcrumb\"},\"inLanguage\":\"de-DE\",\"potentialAction\":[{\"@type\":\"ReadAction\",\"target\":[\"http:\/\/www.magfinis.cz\/de\/galvanik-foto\/\"]}]},{\"@type\":\"BreadcrumbList\",\"@id\":\"http:\/\/www.magfinis.cz\/de\/galvanik-foto\/#breadcrumb\",\"itemListElement\":[{\"@type\":\"ListItem\",\"position\":1,\"item\":{\"@type\":\"WebPage\",\"@id\":\"https:\/\/www.magfinis.cz\/\",\"url\":\"https:\/\/www.magfinis.cz\/\",\"name\":\"Dom\\u016f\"}},{\"@type\":\"ListItem\",\"position\":2,\"item\":{\"@type\":\"WebPage\",\"@id\":\"http:\/\/www.magfinis.cz\/de\/galvanik-foto\/\",\"url\":\"http:\/\/www.magfinis.cz\/de\/galvanik-foto\/\",\"name\":\"SORTENDER GALVANISIERUNG + FOTOS\"}}]}]}<\/script>\n<!-- \/ Yoast SEO plugin. -->","_links":{"self":[{"href":"http:\/\/www.magfinis.cz\/de\/wp-json\/wp\/v2\/pages\/2683"}],"collection":[{"href":"http:\/\/www.magfinis.cz\/de\/wp-json\/wp\/v2\/pages"}],"about":[{"href":"http:\/\/www.magfinis.cz\/de\/wp-json\/wp\/v2\/types\/page"}],"author":[{"embeddable":true,"href":"http:\/\/www.magfinis.cz\/de\/wp-json\/wp\/v2\/users\/1"}],"replies":[{"embeddable":true,"href":"http:\/\/www.magfinis.cz\/de\/wp-json\/wp\/v2\/comments?post=2683"}],"version-history":[{"count":11,"href":"http:\/\/www.magfinis.cz\/de\/wp-json\/wp\/v2\/pages\/2683\/revisions"}],"predecessor-version":[{"id":2782,"href":"http:\/\/www.magfinis.cz\/de\/wp-json\/wp\/v2\/pages\/2683\/revisions\/2782"}],"wp:attachment":[{"href":"http:\/\/www.magfinis.cz\/de\/wp-json\/wp\/v2\/media?parent=2683"}],"curies":[{"name":"wp","href":"https:\/\/api.w.org\/{rel}","templated":true}]}}